{"id":113,"date":"2014-06-12T16:57:37","date_gmt":"2014-06-12T14:57:37","guid":{"rendered":"http:\/\/darmstadt.dfkd.de\/?page_id=113"},"modified":"2026-03-26T13:23:46","modified_gmt":"2026-03-26T12:23:46","slug":"programm-2","status":"publish","type":"page","link":"https:\/\/dfkd.de\/index.php\/fr\/programm-2","title":{"rendered":"Programme"},"content":{"rendered":"\n<h3 class=\"wp-block-heading\">Programme 2026<\/h3>\n\n\n\n<p><span style=\"color: #ff0000;\"><span style=\"color: #000000;\">Pour vous tenir inform\u00e9s, n&#8217;h\u00e9sitez pas \u00e0 vous inscrire \u00e0 notre <a href=\"https:\/\/dfkd.de\/fr\/index.php\/newsletter-2\">newsletter<\/a> ou \u00e0 consulter r\u00e9guli\u00e8rement notre site internet, nos pages Facebook ou Instagram.<\/span> <\/span><\/p>\n\n\n\n<p class=\"has-text-align-center\">*********************************<\/p>\n\n\n\n<p>Janvier<\/p>\n\n\n\n<p>18 janvier 14.30 : Apr\u00e8s-midi Jeux et Galette des rois \u00e0 la Forstmeisterhaus <a href=\"https:\/\/dfkd.de\/index.php\/fr\/inscription-2\">sur inscription<\/a><\/p>\n\n\n\n<p><img loading=\"lazy\" decoding=\"async\" width=\"250\" height=\"177\" class=\"wp-image-7856\" style=\"width: 250px;\" src=\"https:\/\/dfkd.de\/wp-content\/uploads\/2025\/12\/Kopie-von-soiree-jeux4.png\" alt=\"\" srcset=\"https:\/\/dfkd.de\/wp-content\/uploads\/2025\/12\/Kopie-von-soiree-jeux4.png 1748w, https:\/\/dfkd.de\/wp-content\/uploads\/2025\/12\/Kopie-von-soiree-jeux4-300x213.png 300w, https:\/\/dfkd.de\/wp-content\/uploads\/2025\/12\/Kopie-von-soiree-jeux4-1024x726.png 1024w, https:\/\/dfkd.de\/wp-content\/uploads\/2025\/12\/Kopie-von-soiree-jeux4-768x545.png 768w, https:\/\/dfkd.de\/wp-content\/uploads\/2025\/12\/Kopie-von-soiree-jeux4-1536x1090.png 1536w\" sizes=\"auto, (max-width: 250px) 100vw, 250px\" \/><\/p>\n\n\n\n<p>24 Janvier 2026 \u00e0 partir de 21.00 \u00e0 la Knabenschule, Darmstadt: Soir\u00e9e DJ fran\u00e7aise anim\u00e9e par la DJ Doroth\u00e9e alias the Rodeo DJ set, Knabenschule, Darmstadt<img loading=\"lazy\" decoding=\"async\" width=\"150\" height=\"210\" class=\"wp-image-7722\" style=\"width: 150px;\" src=\"https:\/\/dfkd.de\/wp-content\/uploads\/2025\/11\/Invitation-Festival-de-Musique-Moderne-Degrade-Violet-et-Orange4.jpg\" alt=\"\" srcset=\"https:\/\/dfkd.de\/wp-content\/uploads\/2025\/11\/Invitation-Festival-de-Musique-Moderne-Degrade-Violet-et-Orange4.jpg 1428w, https:\/\/dfkd.de\/wp-content\/uploads\/2025\/11\/Invitation-Festival-de-Musique-Moderne-Degrade-Violet-et-Orange4-214x300.jpg 214w, https:\/\/dfkd.de\/wp-content\/uploads\/2025\/11\/Invitation-Festival-de-Musique-Moderne-Degrade-Violet-et-Orange4-731x1024.jpg 731w, https:\/\/dfkd.de\/wp-content\/uploads\/2025\/11\/Invitation-Festival-de-Musique-Moderne-Degrade-Violet-et-Orange4-768x1076.jpg 768w, https:\/\/dfkd.de\/wp-content\/uploads\/2025\/11\/Invitation-Festival-de-Musique-Moderne-Degrade-Violet-et-Orange4-1097x1536.jpg 1097w\" sizes=\"auto, (max-width: 150px) 100vw, 150px\" \/><\/p>\n\n\n\n<p>F\u00e9vrier<\/p>\n\n\n\n<p>05.F\u00e9vrier \u00e0 20.00: <em>Rencontre autour d&#8217;un livre<\/em> avec &#8222;La petite bonne&#8220; de B\u00e9r\u00e9nice Pichat, Forstmeisterhaus, Darmstadt<\/p>\n\n\n\n<p>14 F\u00e9vrier : Excursion au salon du vin des vignerons ind\u00e9pendants \u00e0 Strasbourg. <a href=\"https:\/\/dfkd.de\/index.php\/fr\/inscription\">Inscription ici.<\/a><img loading=\"lazy\" decoding=\"async\" width=\"150\" height=\"212\" class=\"wp-image-7981\" style=\"width: 150px;\" src=\"https:\/\/dfkd.de\/wp-content\/uploads\/2026\/01\/Strasbourg-2026-1.jpg\" alt=\"\" srcset=\"https:\/\/dfkd.de\/wp-content\/uploads\/2026\/01\/Strasbourg-2026-1.jpg 1414w, https:\/\/dfkd.de\/wp-content\/uploads\/2026\/01\/Strasbourg-2026-1-212x300.jpg 212w, https:\/\/dfkd.de\/wp-content\/uploads\/2026\/01\/Strasbourg-2026-1-724x1024.jpg 724w, https:\/\/dfkd.de\/wp-content\/uploads\/2026\/01\/Strasbourg-2026-1-768x1086.jpg 768w, https:\/\/dfkd.de\/wp-content\/uploads\/2026\/01\/Strasbourg-2026-1-1086x1536.jpg 1086w\" sizes=\"auto, (max-width: 150px) 100vw, 150px\" \/><\/p>\n\n\n\n<p>26 F\u00e9vrier : Assembl\u00e9e G\u00e9n\u00e9rale, Forstmeisterhaus, Darmstadt-Ap\u00e9ritif d\u00e8s 19.15 et d\u00e9but de l&#8217;AG \u00e0 20.00<\/p>\n\n\n\n<p>Mars<\/p>\n\n\n\n<p>7 Mars \u00e0 19.30 : Apporter votre vin pr\u00e9f\u00e9r\u00e9. <strong>Soir\u00e9e annul\u00e9e par manque de participants.<\/strong><\/p>\n\n\n\n<p>12.Mars \u00e0 20h00: <em>Rencontre autour d&#8217;un livre<\/em> avec &#8222;ce matin-l\u00e0&#8220; de Ga\u00eblle Josse, Forstmeisterhaus, Darmstadt.<\/p>\n\n\n\n<p>17 mars 19.00 : Pr\u00e9sentation en fran\u00e7ais de l&#8217;Op\u00e9ra de C. Debussy, Pell\u00e9as &amp; M\u00e9lisandre le 17 mars \u00e0 19.00 par G Fauch\u00e8re, chef de choeur du Staatstheater sur inscription aupr\u00e8s de secretaire@dfkde<img loading=\"lazy\" decoding=\"async\" width=\"150\" height=\"212\" class=\"wp-image-8170\" style=\"width: 150px;\" src=\"https:\/\/dfkd.de\/wp-content\/uploads\/2026\/03\/Presentation-Pelleas-et-Melisandre1.jpg\" alt=\"\" srcset=\"https:\/\/dfkd.de\/wp-content\/uploads\/2026\/03\/Presentation-Pelleas-et-Melisandre1.jpg 1414w, https:\/\/dfkd.de\/wp-content\/uploads\/2026\/03\/Presentation-Pelleas-et-Melisandre1-212x300.jpg 212w, https:\/\/dfkd.de\/wp-content\/uploads\/2026\/03\/Presentation-Pelleas-et-Melisandre1-724x1024.jpg 724w, https:\/\/dfkd.de\/wp-content\/uploads\/2026\/03\/Presentation-Pelleas-et-Melisandre1-768x1086.jpg 768w, https:\/\/dfkd.de\/wp-content\/uploads\/2026\/03\/Presentation-Pelleas-et-Melisandre1-1086x1536.jpg 1086w\" sizes=\"auto, (max-width: 150px) 100vw, 150px\" \/><\/p>\n\n\n\n<p>19 Mars 19.00: Op\u00e9ra de C. Debussy, Pell\u00e9as &amp; M\u00e9lisandre, Staatstheater Darmstadt. (plus de places disponibles)<\/p>\n\n\n\n<p>Avril<\/p>\n\n\n\n<p>16 Avril \u00e0 20.00: <em>Rencontre autour d&#8217;un livre avec &#8222;M\u00e9moires d&#8217;une jeune fille rang\u00e9e&#8220; de Simone de Beauvoir,<\/em> Forstmeisterhaus, Darmstadt.<br><br>Mai<\/p>\n\n\n\n<p>09.Mai: Nous c\u00e9l\u00e9brons la journ\u00e9e de l&#8217;Europe! D\u00eener sous forme de buffet avec nos partenaires Europ\u00e9ens qui ont f\u00eat\u00e9 avec nous la F\u00eate de la Musique de l&#8217;Europe. Sur inscription.<img loading=\"lazy\" decoding=\"async\" width=\"150\" height=\"211\" class=\"wp-image-8235\" style=\"width: 150px;\" src=\"https:\/\/dfkd.de\/wp-content\/uploads\/2026\/03\/Repas-partage-2.png\" alt=\"\" srcset=\"https:\/\/dfkd.de\/wp-content\/uploads\/2026\/03\/Repas-partage-2.png 1240w, https:\/\/dfkd.de\/wp-content\/uploads\/2026\/03\/Repas-partage-2-213x300.png 213w, https:\/\/dfkd.de\/wp-content\/uploads\/2026\/03\/Repas-partage-2-726x1024.png 726w, https:\/\/dfkd.de\/wp-content\/uploads\/2026\/03\/Repas-partage-2-768x1083.png 768w, https:\/\/dfkd.de\/wp-content\/uploads\/2026\/03\/Repas-partage-2-1090x1536.png 1090w\" sizes=\"auto, (max-width: 150px) 100vw, 150px\" \/><\/p>\n\n\n\n<p>21.Mai, 19:00-21:00: Lecture et soir\u00e9e musicale : <a href=\"https:\/\/www.literaturhaus-darmstadt.de\/programm\/florence-herve-juliette-greco-barbara-zitate-aus-ihren-briefen-liest-bettina-bergstedt\/\">Florence Herv\u00e9: <em>Juliette Gr\u00e9co &amp; Barbara<\/em><\/a> en partenariat avec la Luise-B\u00fcchner-Gesellschaft, Literaturhaus, Darmstadt.<\/p>\n\n\n\n<figure class=\"wp-block-image is-resized\"><img loading=\"lazy\" decoding=\"async\" width=\"603\" height=\"436\" src=\"https:\/\/dfkd.de\/wp-content\/uploads\/2025\/10\/Juliette-Greco.png\" alt=\"\" class=\"wp-image-7635\" style=\"width:197px;height:auto\" srcset=\"https:\/\/dfkd.de\/wp-content\/uploads\/2025\/10\/Juliette-Greco.png 603w, https:\/\/dfkd.de\/wp-content\/uploads\/2025\/10\/Juliette-Greco-300x217.png 300w\" sizes=\"auto, (max-width: 603px) 100vw, 603px\" \/><\/figure>\n\n\n\n<p>28 Mai \u00e0 20h00: <em>Rencontre autour d&#8217;un livre avec &#8222;les corps solides&#8220; de Joseph Incardona,<\/em> Forstmeisterhaus, Darmstadt.<\/p>\n\n\n\n<p>31 Mai \u00e0 10h30: Visite guid\u00e9e en fran\u00e7ais de l&#8217;exposition \u201eMonet \u2013 La d\u00e9couverte d&#8217;Etretat\u201c au mus\u00e9e St\u00e4del, Francfort &#8211; <a href=\"https:\/\/dfkd.de\/index.php\/fr\/inscription-4\">inscription<\/a><img loading=\"lazy\" decoding=\"async\" width=\"150\" height=\"150\" class=\"wp-image-8140\" style=\"width: 150px;\" src=\"https:\/\/dfkd.de\/wp-content\/uploads\/2026\/03\/Monet-31-mai-2026-2.jpg\" alt=\"\" srcset=\"https:\/\/dfkd.de\/wp-content\/uploads\/2026\/03\/Monet-31-mai-2026-2.jpg 1654w, https:\/\/dfkd.de\/wp-content\/uploads\/2026\/03\/Monet-31-mai-2026-2-300x300.jpg 300w, https:\/\/dfkd.de\/wp-content\/uploads\/2026\/03\/Monet-31-mai-2026-2-1024x1024.jpg 1024w, https:\/\/dfkd.de\/wp-content\/uploads\/2026\/03\/Monet-31-mai-2026-2-150x150.jpg 150w, https:\/\/dfkd.de\/wp-content\/uploads\/2026\/03\/Monet-31-mai-2026-2-768x768.jpg 768w, https:\/\/dfkd.de\/wp-content\/uploads\/2026\/03\/Monet-31-mai-2026-2-1536x1536.jpg 1536w\" sizes=\"auto, (max-width: 150px) 100vw, 150px\" \/><\/p>\n\n\n\n<p>Juin<\/p>\n\n\n\n<p>20 Juin : F\u00eate de la Musique de l&#8217;Europe avec comme pays partenaire, la Hongrie, Mathildenh\u00f6he, Darmstadt<\/p>\n\n\n\n<p>25 Juin \u00e0 20h00: <em>Rencontre autour d&#8217;un livre avec &#8220; Caf\u00e9 vivre&#8220; de Chantal Thomas,<\/em> Forstmeisterhaus, Darmstadt.<img decoding=\"async\" class=\"wp-image-6975\" style=\"width: 100px;\" src=\"https:\/\/dfkd.de\/wp-content\/uploads\/2025\/01\/Fille-de-fer.jpg\" alt=\"\"><\/p>\n\n\n\n<p>&nbsp;*************************************<\/p>\n\n\n\n<h2 class=\"wp-block-heading\">Activit\u00e9s r\u00e9guli\u00e8res actuellement<\/h2>\n\n\n\n<h2 class=\"wp-block-heading\">Vive les Gamins<\/h2>\n\n\n\n<p>Activit\u00e9s culturelles et linguistiques en fran\u00e7ais pour les enfants<\/p>\n\n\n\n<p>Plus de d\u00e9tails sur la page&nbsp; d\u00e9di\u00e9e <a href=\"https:\/\/darmstadt.dfkd.de\/fr\/index.php\/vive-les-gamins\">&#8222;Vive Les Gamins&#8220;.<\/a><\/p>\n\n\n\n<p class=\"has-text-align-center\">*********************************<\/p>\n\n\n\n<h2 class=\"wp-block-heading\">Film en Fran\u00e7ais le premier mardi du mois avec le Cin\u00e9-Club de l&#8217;ESOC<\/h2>\n\n\n\n<figure class=\"wp-block-table\"><table><tbody><tr><td colspan=\"2\">\n<h3>ESOC Cin\u00e9-Club<\/h3>\n<\/td><\/tr><tr><td>Quand<\/td><td>Un mardi par mois \u00e0 20h00<\/td><\/tr><tr><td>O\u00f9<\/td><td>Audimax TU<\/td><\/tr><tr><td>Activit\u00e9<\/td><td>En coop\u00e9ration avec le&nbsp; Studentischer Filmkreis TU Darmstadt e.V. l&#8217;ESOC Cine Club e.V. pr\u00e9sente chaque mois un film francophone en version originale et sous-titr\u00e9 en allemand<\/td><\/tr><tr><td><p>&nbsp;Prochaine s\u00e9ance :<\/p> <p>&nbsp;<\/p> <img loading=\"lazy\" decoding=\"async\" width=\"150\" height=\"211\" class=\"wp-image-8086\" style=\"width: 150px;\" src=\"https:\/\/dfkd.de\/wp-content\/uploads\/2026\/02\/Bonnard.jpg\" alt=\"\" srcset=\"https:\/\/dfkd.de\/wp-content\/uploads\/2026\/02\/Bonnard.jpg 286w, https:\/\/dfkd.de\/wp-content\/uploads\/2026\/02\/Bonnard-213x300.jpg 213w\" sizes=\"auto, (max-width: 150px) 100vw, 150px\" \/><\/td><td><br><br><a title=\"ESOC Cine Club\" href=\"http:\/\/www.esoc-cineclub.de\" target=\"_blank\" rel=\"noopener noreferrer\">www.esoc-cineclub.de<\/a> <br><strong>Semester Pause  <\/strong><div><br><div><figure>Synopsie du film : <\/figure><\/div><\/div><br><div><div><figure><div>N&#8217;oubliez pas votre carte de membre du &#8222;Studentischer Filmkreis TUD&#8220;. Elle vous donne acc\u00e8s \u00e0 tous les films du Filmkreis et de l&#8217;ESOC cin\u00e9-club qui sont projet\u00e9s soit \u00e0 l&#8217;Audimax (pour 2,50 \u20ac) ou au REX Kino (pour 3,50\u20ac). Vous pouvez vous la procurer \u00e0 l&#8217;entr\u00e9e de l&#8217;Audimax le jour de la s\u00e9ance.<\/div><\/figure><\/div><\/div><\/td><\/tr><\/tbody><\/table><\/figure>\n\n\n\n<h2 class=\"wp-block-heading\"><a href=\"https:\/\/dfkd.de\/wp-content\/uploads\/2025\/01\/Information-Rencontre-autour-dun-livre-1er-semestre-2025.pdf\">Rencontre Autour d&#8217;un Livre<\/a><\/h2>\n\n\n\n<!--more-->\n\n\n\n<figure class=\"wp-block-table\"><table><tbody><tr><td colspan=\"2\"><img decoding=\"async\" class=\"wp-image-5867\" style=\"width: 150px;\" src=\"https:\/\/dfkd.de\/wp-content\/uploads\/2023\/12\/Rencontre-Autour-dun-Livre-bandeau-blanc.jpg\" alt=\"\"> <\/td><\/tr><tr><td>Quand?<\/td><td>Un jeudi par mois \u00e0 20h, prochaine rencontre le 16 avril 2026<\/td><\/tr><tr><td>O\u00f9<\/td><td>&nbsp;Forstmeisterhaus, <span id=\"page3R_mcid13\" class=\"markedContent\"><span dir=\"ltr\" role=\"presentation\">Forstmeisterstrasse 11<\/span><\/span>, 64285 Darmstadt<\/td><\/tr><tr><td>Activit\u00e9<\/td><td>Echange autour d&#8217;un livre pr\u00e9d\u00e9fini. Pour plus d&#8217;Informations<\/td><\/tr><tr><td>Inscription<\/td><td><a href=\"mailto:literature@dfkd.de\">litterature @ dfkd.de<\/a><\/td><\/tr><\/tbody><\/table><\/figure>\n\n\n\n<p class=\"has-text-align-center\">*************************<\/p>\n\n\n\n<figure class=\"wp-block-table\"><table><tbody><tr><td colspan=\"2\"><h3><a href=\"https:\/\/dfkd.de\/index.php\/fr\/chorale\">CHORALE <strong>CHOR ACCORDS<\/strong>&nbsp; &nbsp;<\/a><\/h3> <img loading=\"lazy\" decoding=\"async\" width=\"150\" height=\"100\" class=\"wp-image-7846\" style=\"width: 150px;\" src=\"https:\/\/dfkd.de\/wp-content\/uploads\/2025\/12\/chor-2025-Griesheim-Fete-de-l-oignon-280625.jpg\" alt=\"\" srcset=\"https:\/\/dfkd.de\/wp-content\/uploads\/2025\/12\/chor-2025-Griesheim-Fete-de-l-oignon-280625.jpg 2128w, https:\/\/dfkd.de\/wp-content\/uploads\/2025\/12\/chor-2025-Griesheim-Fete-de-l-oignon-280625-300x200.jpg 300w, https:\/\/dfkd.de\/wp-content\/uploads\/2025\/12\/chor-2025-Griesheim-Fete-de-l-oignon-280625-1024x681.jpg 1024w, https:\/\/dfkd.de\/wp-content\/uploads\/2025\/12\/chor-2025-Griesheim-Fete-de-l-oignon-280625-768x511.jpg 768w, https:\/\/dfkd.de\/wp-content\/uploads\/2025\/12\/chor-2025-Griesheim-Fete-de-l-oignon-280625-1536x1022.jpg 1536w, https:\/\/dfkd.de\/wp-content\/uploads\/2025\/12\/chor-2025-Griesheim-Fete-de-l-oignon-280625-2048x1363.jpg 2048w, https:\/\/dfkd.de\/wp-content\/uploads\/2025\/12\/chor-2025-Griesheim-Fete-de-l-oignon-280625-750x499.jpg 750w, https:\/\/dfkd.de\/wp-content\/uploads\/2025\/12\/chor-2025-Griesheim-Fete-de-l-oignon-280625-360x240.jpg 360w\" sizes=\"auto, (max-width: 150px) 100vw, 150px\" \/> &nbsp;&nbsp;<\/td><\/tr><tr><td>Quand<\/td><td>Tous les mercredis soirs de 18h30 \u00e0 20h00 (pause pendant les vacances scolaires de la Hesse)<\/td><\/tr><tr><td>Lieu<\/td><td>l\u2019\u00e9cole Lessing (Erasmus Kittler School) derri\u00e8re l\u2019ESOC.<\/td><\/tr><tr><td>Activit\u00e9<\/td><td>Vari\u00e9t\u00e9 fran\u00e7aise dirig\u00e9e par la soprane Sandrine Droin<\/td><\/tr><tr><td>Contact<\/td><td><a href=\"mailto:BlabladeSophie@web.de\">Sophie Delfs<\/a><\/td><\/tr><\/tbody><\/table><\/figure>\n","protected":false},"excerpt":{"rendered":"<p>Programme 2026 Pour vous tenir inform\u00e9s, n&#8217;h\u00e9sitez pas \u00e0 vous inscrire \u00e0 notre newsletter ou \u00e0 consulter r\u00e9guli\u00e8rement notre site internet, nos pages Facebook ou Instagram. ********************************* Janvier 18 janvier <a class=\"more-link\" href=\"https:\/\/dfkd.de\/index.php\/fr\/programm-2\">Continue Reading \u2192<\/a><\/p>\n","protected":false},"author":14,"featured_media":945,"parent":0,"menu_order":0,"comment_status":"closed","ping_status":"closed","template":"","meta":{"ngg_post_thumbnail":0,"footnotes":""},"class_list":["post-113","page","type-page","status-publish","has-post-thumbnail","hentry"],"_links":{"self":[{"href":"https:\/\/dfkd.de\/index.php\/wp-json\/wp\/v2\/pages\/113","targetHints":{"allow":["GET"]}}],"collection":[{"href":"https:\/\/dfkd.de\/index.php\/wp-json\/wp\/v2\/pages"}],"about":[{"href":"https:\/\/dfkd.de\/index.php\/wp-json\/wp\/v2\/types\/page"}],"author":[{"embeddable":true,"href":"https:\/\/dfkd.de\/index.php\/wp-json\/wp\/v2\/users\/14"}],"replies":[{"embeddable":true,"href":"https:\/\/dfkd.de\/index.php\/wp-json\/wp\/v2\/comments?post=113"}],"version-history":[{"count":439,"href":"https:\/\/dfkd.de\/index.php\/wp-json\/wp\/v2\/pages\/113\/revisions"}],"predecessor-version":[{"id":8238,"href":"https:\/\/dfkd.de\/index.php\/wp-json\/wp\/v2\/pages\/113\/revisions\/8238"}],"wp:featuredmedia":[{"embeddable":true,"href":"https:\/\/dfkd.de\/index.php\/wp-json\/wp\/v2\/media\/945"}],"wp:attachment":[{"href":"https:\/\/dfkd.de\/index.php\/wp-json\/wp\/v2\/media?parent=113"}],"curies":[{"name":"wp","href":"https:\/\/api.w.org\/{rel}","templated":true}]}}