{"id":1279,"date":"2018-05-13T22:53:20","date_gmt":"2018-05-13T21:53:20","guid":{"rendered":"http:\/\/darmstadt.dfkd.de\/?page_id=1279"},"modified":"2018-05-13T23:16:16","modified_gmt":"2018-05-13T22:16:16","slug":"infoletter","status":"publish","type":"page","link":"https:\/\/dfkd.de\/index.php\/infoletter","title":{"rendered":"Infoletter"},"content":{"rendered":"<h3><a href=\"https:\/\/darmstadt.dfkd.de\/infoletter-anmeldung\/\">Infoletter bestellen<\/a><\/h3>\n<p>Infos per Email in unregelm\u00e4\u00dfigen Abst\u00e4nden \u00fcber anstehende Aktivit\u00e4ten des DFKD und andere Veranstaltungen mit dt.-frz. Kontext in der Region.<\/p>\n<p>&#8212;&#8212;&#8212;&#8212;&#8212;&#8212;&#8212;&#8212;&#8212;&#8212;&#8212;&#8212;&#8212;&#8212;&#8212;&#8212;&#8212;&#8212;&#8212;<\/p>\n<h3><a href=\"https:\/\/darmstadt.dfkd.de\/infoletter-abmeldung\/\">Infoletter abmelden<\/a><\/h3>\n","protected":false},"excerpt":{"rendered":"<p>Infoletter bestellen Infos per Email in unregelm\u00e4\u00dfigen Abst\u00e4nden \u00fcber anstehende Aktivit\u00e4ten des DFKD und andere Veranstaltungen mit dt.-frz. Kontext in der Region. &#8212;&#8212;&#8212;&#8212;&#8212;&#8212;&#8212;&#8212;&#8212;&#8212;&#8212;&#8212;&#8212;&#8212;&#8212;&#8212;&#8212;&#8212;&#8212; Infoletter abmelden<\/p>\n","protected":false},"author":2,"featured_media":0,"parent":0,"menu_order":0,"comment_status":"closed","ping_status":"closed","template":"","meta":{"ngg_post_thumbnail":0,"footnotes":""},"class_list":["post-1279","page","type-page","status-publish","hentry"],"_links":{"self":[{"href":"https:\/\/dfkd.de\/index.php\/wp-json\/wp\/v2\/pages\/1279","targetHints":{"allow":["GET"]}}],"collection":[{"href":"https:\/\/dfkd.de\/index.php\/wp-json\/wp\/v2\/pages"}],"about":[{"href":"https:\/\/dfkd.de\/index.php\/wp-json\/wp\/v2\/types\/page"}],"author":[{"embeddable":true,"href":"https:\/\/dfkd.de\/index.php\/wp-json\/wp\/v2\/users\/2"}],"replies":[{"embeddable":true,"href":"https:\/\/dfkd.de\/index.php\/wp-json\/wp\/v2\/comments?post=1279"}],"version-history":[{"count":5,"href":"https:\/\/dfkd.de\/index.php\/wp-json\/wp\/v2\/pages\/1279\/revisions"}],"predecessor-version":[{"id":1296,"href":"https:\/\/dfkd.de\/index.php\/wp-json\/wp\/v2\/pages\/1279\/revisions\/1296"}],"wp:attachment":[{"href":"https:\/\/dfkd.de\/index.php\/wp-json\/wp\/v2\/media?parent=1279"}],"curies":[{"name":"wp","href":"https:\/\/api.w.org\/{rel}","templated":true}]}}