{"id":2833,"date":"2021-05-01T10:00:58","date_gmt":"2021-05-01T09:00:58","guid":{"rendered":"https:\/\/darmstadt.dfkd.de\/?page_id=2833"},"modified":"2021-05-02T09:14:34","modified_gmt":"2021-05-02T08:14:34","slug":"technische-hinweise-zur-teilnahme-an-onlineweinprobe","status":"publish","type":"page","link":"https:\/\/dfkd.de\/index.php\/technische-hinweise-zur-teilnahme-an-onlineweinprobe","title":{"rendered":"Technische Hinweise zur Teilnahme an der Weinprobe Provence"},"content":{"rendered":"\n<p>Liebe Teilnehmer*innen,<\/p>\n\n\n\n<p>wir freuen uns, dass Sie sich f\u00fcr die Online-Weinprobe mit Weinen aus der Region Rh\u00f4ne \/ Provence am Samstag, 8. Mai 2021, 19:30  Uhr angemeldet haben.<\/p>\n\n\n\n<p>Die Videoweinprobe wird mit Microsoft Teams durchgef\u00fchrt.<br>Eine Installation der Software MS Teams ist nicht erforderlich<\/p>\n\n\n\n<p><strong>Voraussetzung: <\/strong>Browser Google Chrome oder Microsoft Edge.<br>Falls nicht vorhanden, kostenlosen Browser downloaden und installieren:<\/p>\n\n\n\n<p>Downloadlinks:<br>Google Chrome: <a href=\"https:\/\/www.google.com\/intl\/de_de\/chrome\/\" target=\"_blank\" rel=\"noreferrer noopener\">https:\/\/www.google.com\/intl\/de_de\/chrome\/<\/a><br>Micrsofot Edge: <a href=\"https:\/\/www.microsoft.com\/de-de\/edge\" target=\"_blank\" rel=\"noreferrer noopener\">https:\/\/www.microsoft.com\/de-de\/edge<\/a><\/p>\n\n\n\n<p>Die Teilnahme an der Videoweinprobe mit den Browsern Firefox oder Safari funktioniert leider nicht.<\/p>\n\n\n\n<p><strong>Aufrufen der Videoweinprobe<\/strong><\/p>\n\n\n\n<p>Zur Teilnahme nach Aufruf des Links in der Email auf \u201eTeilnahme \u00fcber Browser\u201c anlicken.<\/p>\n\n\n\n<p>Falls sich nicht der gew\u00fcnschte Browser \u00f6ffnet, ggf. Link kopieren und in die Adresszeile des Browsers einf\u00fcgen, dann die Returntaste dr\u00fccken.<\/p>\n\n\n\n<p>Dann bitte warten, um in die Weinprobe eingelassen zu werden. Wir \u00f6ffnen die Veranstaltung um 19.20 Uhr f\u00fcr Besucher. Das kann einen Moment dauern, wenn die Veranstaltung noch nicht begonnen hat.<\/p>\n\n\n\n<p><strong>Fertig, Prost!<\/strong><\/p>\n\n\n\n<p><\/p>\n","protected":false},"excerpt":{"rendered":"<p>Liebe Teilnehmer*innen, wir freuen uns, dass Sie sich f\u00fcr die Online-Weinprobe mit Weinen aus der Region Rh\u00f4ne \/ Provence am Samstag, 8. Mai 2021, 19:30 Uhr angemeldet haben. Die Videoweinprobe <a class=\"more-link\" href=\"https:\/\/dfkd.de\/index.php\/technische-hinweise-zur-teilnahme-an-onlineweinprobe\">Continue Reading \u2192<\/a><\/p>\n","protected":false},"author":14,"featured_media":0,"parent":0,"menu_order":0,"comment_status":"closed","ping_status":"closed","template":"","meta":{"ngg_post_thumbnail":0,"footnotes":""},"class_list":["post-2833","page","type-page","status-publish","hentry"],"_links":{"self":[{"href":"https:\/\/dfkd.de\/index.php\/wp-json\/wp\/v2\/pages\/2833","targetHints":{"allow":["GET"]}}],"collection":[{"href":"https:\/\/dfkd.de\/index.php\/wp-json\/wp\/v2\/pages"}],"about":[{"href":"https:\/\/dfkd.de\/index.php\/wp-json\/wp\/v2\/types\/page"}],"author":[{"embeddable":true,"href":"https:\/\/dfkd.de\/index.php\/wp-json\/wp\/v2\/users\/14"}],"replies":[{"embeddable":true,"href":"https:\/\/dfkd.de\/index.php\/wp-json\/wp\/v2\/comments?post=2833"}],"version-history":[{"count":8,"href":"https:\/\/dfkd.de\/index.php\/wp-json\/wp\/v2\/pages\/2833\/revisions"}],"predecessor-version":[{"id":2916,"href":"https:\/\/dfkd.de\/index.php\/wp-json\/wp\/v2\/pages\/2833\/revisions\/2916"}],"wp:attachment":[{"href":"https:\/\/dfkd.de\/index.php\/wp-json\/wp\/v2\/media?parent=2833"}],"curies":[{"name":"wp","href":"https:\/\/api.w.org\/{rel}","templated":true}]}}