{"id":4752,"date":"2023-02-02T21:23:49","date_gmt":"2023-02-02T20:23:49","guid":{"rendered":"https:\/\/darmstadt.dfkd.de\/?page_id=4752"},"modified":"2023-02-02T22:01:00","modified_gmt":"2023-02-02T21:01:00","slug":"empreinte","status":"publish","type":"page","link":"https:\/\/dfkd.de\/index.php\/fr\/empreinte","title":{"rendered":"Mentions l\u00e9gales"},"content":{"rendered":"<div class=\"wp-block-image\">\n<figure class=\"alignright\"><img loading=\"lazy\" decoding=\"async\" width=\"187\" height=\"401\" src=\"https:\/\/darmstadt.dfkd.de\/wp-content\/uploads\/2014\/06\/dfkd_logo_mit-dfkd1.png\" alt=\"dfkd_logo_mit-dfkd\" class=\"wp-image-23\"\/><\/figure>\n<\/div>\n\n\n<p>Responsable du contenu:<br>Comit\u00e9 Directeur DFKD<\/p>\n\n\n\n<p>Domaine:<br>dfkd.de<\/p>\n\n\n\n<p>Contact administratif:<br>Klaus Liepach, <a href=\"mailto:it-admin@dfkd.de\" target=\"_blank\" rel=\"noreferrer noopener\">it-admin@dfkd.de<\/a><\/p>\n\n\n\n<p>Propri\u00e9taire:<br>Deutsch-Franz\u00f6sischer Kreis Darmstadt e.V.<br>Postfach 10 05 07<br>64205 Darmstadt<br>06 151 \/ 627 49 70<br>E-Mail: info@dfkd.de<\/p>\n\n\n\n<p>Droit \u00e0 l\u2019image:<\/p>\n\n\n\n<p>Registre des associations: 8VR82603<\/p>\n\n\n\n<p>En tant que fournisseur de contenu, le Deutsch-Franz\u00f6sischer Kreis Darmstadt e.V. est responsable de son propre contenu de cette page d\u2019accueil. Pour les r\u00e9f\u00e9rences directes et indirectes \u00e0 des pages Internet externes (\u00ab liens \u00bb), qui ne rel\u00e8vent pas de la comp\u00e9tence du Deutsch-Franz\u00f6sische Kreis Darmstadt e.V., il est d\u00e9clar\u00e9 qu\u2019au moment de la saisine, les pages li\u00e9es correspondantes \u00e9taient exemptes de contenu ill\u00e9gal. Le Deutsch-Franz\u00f6sischer Kreis Darmstadt e.V. n\u2019a aucune influence sur la conception et le contenu actuels et futurs des pages li\u00e9es. Par cons\u00e9quent, le Deutsch-Franz\u00f6sischer Kreis Darmstadt e.V. se distancie de tous les contenus de toutes les pages li\u00e9es.<\/p>\n","protected":false},"excerpt":{"rendered":"<p>Responsable du contenu:Comit\u00e9 Directeur DFKD Domaine:dfkd.de Contact administratif:Klaus Liepach, it-admin@dfkd.de Propri\u00e9taire:Deutsch-Franz\u00f6sischer Kreis Darmstadt e.V.Postfach 10 05 0764205 Darmstadt06 151 \/ 627 49 70E-Mail: info@dfkd.de Droit \u00e0 l\u2019image: Registre des associations: <a class=\"more-link\" href=\"https:\/\/dfkd.de\/index.php\/fr\/empreinte\">Continue Reading \u2192<\/a><\/p>\n","protected":false},"author":18,"featured_media":0,"parent":0,"menu_order":0,"comment_status":"closed","ping_status":"closed","template":"","meta":{"ngg_post_thumbnail":0,"footnotes":""},"class_list":["post-4752","page","type-page","status-publish","hentry"],"_links":{"self":[{"href":"https:\/\/dfkd.de\/index.php\/wp-json\/wp\/v2\/pages\/4752","targetHints":{"allow":["GET"]}}],"collection":[{"href":"https:\/\/dfkd.de\/index.php\/wp-json\/wp\/v2\/pages"}],"about":[{"href":"https:\/\/dfkd.de\/index.php\/wp-json\/wp\/v2\/types\/page"}],"author":[{"embeddable":true,"href":"https:\/\/dfkd.de\/index.php\/wp-json\/wp\/v2\/users\/18"}],"replies":[{"embeddable":true,"href":"https:\/\/dfkd.de\/index.php\/wp-json\/wp\/v2\/comments?post=4752"}],"version-history":[{"count":3,"href":"https:\/\/dfkd.de\/index.php\/wp-json\/wp\/v2\/pages\/4752\/revisions"}],"predecessor-version":[{"id":4764,"href":"https:\/\/dfkd.de\/index.php\/wp-json\/wp\/v2\/pages\/4752\/revisions\/4764"}],"wp:attachment":[{"href":"https:\/\/dfkd.de\/index.php\/wp-json\/wp\/v2\/media?parent=4752"}],"curies":[{"name":"wp","href":"https:\/\/api.w.org\/{rel}","templated":true}]}}