{"id":4927,"date":"2023-02-13T21:13:40","date_gmt":"2023-02-13T20:13:40","guid":{"rendered":"https:\/\/darmstadt.dfkd.de\/?page_id=4927"},"modified":"2025-12-11T22:40:46","modified_gmt":"2025-12-11T21:40:46","slug":"chorale","status":"publish","type":"page","link":"https:\/\/dfkd.de\/index.php\/fr\/chorale","title":{"rendered":"Chorale"},"content":{"rendered":"\n<p><\/p>\n\n\n\n<p><\/p>\n\n\n<div class=\"wp-block-image\">\n<figure class=\"alignright size-full is-resized\"><a href=\"https:\/\/dfkd.de\/wp-content\/uploads\/2025\/12\/chor-2025-FDLM-1.jpg\"><img loading=\"lazy\" decoding=\"async\" width=\"2016\" height=\"954\" src=\"https:\/\/dfkd.de\/wp-content\/uploads\/2025\/12\/chor-2025-FDLM-1.jpg\" alt=\"\" class=\"wp-image-7845\" style=\"width:739px;height:auto\" srcset=\"https:\/\/dfkd.de\/wp-content\/uploads\/2025\/12\/chor-2025-FDLM-1.jpg 2016w, https:\/\/dfkd.de\/wp-content\/uploads\/2025\/12\/chor-2025-FDLM-1-300x142.jpg 300w, https:\/\/dfkd.de\/wp-content\/uploads\/2025\/12\/chor-2025-FDLM-1-1024x485.jpg 1024w, https:\/\/dfkd.de\/wp-content\/uploads\/2025\/12\/chor-2025-FDLM-1-768x363.jpg 768w, https:\/\/dfkd.de\/wp-content\/uploads\/2025\/12\/chor-2025-FDLM-1-1536x727.jpg 1536w\" sizes=\"auto, (max-width: 2016px) 100vw, 2016px\" \/><\/a><\/figure>\n<\/div>\n\n\n<p>CHORALE <strong>CHOR ACCORDS<\/strong><br>VARI\u00c9T\u00c9 FRAN\u00c7AISE D\u2019HIER ET D\u2019AUJOURD\u2019HUI, DIRIG\u00c9E PAR L\u2019ARTISTE LYRIQUE SUISSE <strong>SANDRINE DROIN<\/strong>.<br><br>\u00ab Je donne des cours de chant et de voix. J\u2019ai h\u00e2te de faire de la musique avec vous et d\u2019explorer ce r\u00e9pertoire musical qui me tient si \u00e0 c\u0153ur, la Fran\u00e7ais chanson. \u00bb<\/p>\n\n\n\n<p>Nous nous r\u00e9unissons tous les mercredis soirs de 18h30 \u00e0 20h00 \u00e0 l\u2019\u00e9cole Lessing (Erasmus Kittler School) derri\u00e8re l\u2019ESOC.N\u00b4h\u00e9sitez pas, venez joindre votre voix \u00e0 la n\u00f4tre dans la joie et la bonne<br>humeur.<\/p>\n\n\n\n<p>Si vous \u00eates int\u00e9ress\u00e9, merci de vous inscrire au plus vite sous<br><a href=\"mailto:blabladesophie@web.de\">blabladesophie@web.de<\/a><\/p>\n\n\n\n<p><strong>Chor Accords remonte sur sc\u00e8ne en 2026:<\/strong><\/p>\n\n\n\n<p>13 Mars : Soir\u00e9e caricative Africaine organis\u00e9e par Sister Schola, Knabenschule, Darmstadt<\/p>\n\n\n\n<p>20 Juin: F\u00eate de la Musique, Mathildenh\u00f6he, Darmstadt<\/p>\n\n\n\n<p>Dernier week end de septembre : F\u00eate de l&#8217;oignon, Griesheim<img loading=\"lazy\" decoding=\"async\" width=\"250\" height=\"166\" class=\"wp-image-7846\" style=\"width: 250px;\" src=\"https:\/\/dfkd.de\/wp-content\/uploads\/2025\/12\/chor-2025-Griesheim-Fete-de-l-oignon-280625.jpg\" alt=\"\" srcset=\"https:\/\/dfkd.de\/wp-content\/uploads\/2025\/12\/chor-2025-Griesheim-Fete-de-l-oignon-280625.jpg 2128w, https:\/\/dfkd.de\/wp-content\/uploads\/2025\/12\/chor-2025-Griesheim-Fete-de-l-oignon-280625-300x200.jpg 300w, https:\/\/dfkd.de\/wp-content\/uploads\/2025\/12\/chor-2025-Griesheim-Fete-de-l-oignon-280625-1024x681.jpg 1024w, https:\/\/dfkd.de\/wp-content\/uploads\/2025\/12\/chor-2025-Griesheim-Fete-de-l-oignon-280625-768x511.jpg 768w, https:\/\/dfkd.de\/wp-content\/uploads\/2025\/12\/chor-2025-Griesheim-Fete-de-l-oignon-280625-1536x1022.jpg 1536w, https:\/\/dfkd.de\/wp-content\/uploads\/2025\/12\/chor-2025-Griesheim-Fete-de-l-oignon-280625-2048x1363.jpg 2048w, https:\/\/dfkd.de\/wp-content\/uploads\/2025\/12\/chor-2025-Griesheim-Fete-de-l-oignon-280625-750x499.jpg 750w, https:\/\/dfkd.de\/wp-content\/uploads\/2025\/12\/chor-2025-Griesheim-Fete-de-l-oignon-280625-360x240.jpg 360w\" sizes=\"auto, (max-width: 250px) 100vw, 250px\" \/><\/p>\n\n\n\n<p>D\u00e9cembre : F\u00eate de No\u00ebl d&#8217;Eumetsat<\/p>\n\n\n\n<hr class=\"wp-block-separator has-text-color has-black-color has-alpha-channel-opacity has-black-background-color has-background is-style-wide\"\/>\n\n\n\n<div class=\"wp-block-group\"><div class=\"wp-block-group__inner-container is-layout-constrained wp-block-group-is-layout-constrained\"><\/div><\/div>\n","protected":false},"excerpt":{"rendered":"<p>CHORALE CHOR ACCORDSVARI\u00c9T\u00c9 FRAN\u00c7AISE D\u2019HIER ET D\u2019AUJOURD\u2019HUI, DIRIG\u00c9E PAR L\u2019ARTISTE LYRIQUE SUISSE SANDRINE DROIN. \u00ab Je donne des cours de chant et de voix. J\u2019ai h\u00e2te de faire de la <a class=\"more-link\" href=\"https:\/\/dfkd.de\/index.php\/fr\/chorale\">Continue Reading \u2192<\/a><\/p>\n","protected":false},"author":18,"featured_media":0,"parent":0,"menu_order":0,"comment_status":"closed","ping_status":"closed","template":"","meta":{"ngg_post_thumbnail":0,"footnotes":""},"class_list":["post-4927","page","type-page","status-publish","hentry"],"_links":{"self":[{"href":"https:\/\/dfkd.de\/index.php\/wp-json\/wp\/v2\/pages\/4927","targetHints":{"allow":["GET"]}}],"collection":[{"href":"https:\/\/dfkd.de\/index.php\/wp-json\/wp\/v2\/pages"}],"about":[{"href":"https:\/\/dfkd.de\/index.php\/wp-json\/wp\/v2\/types\/page"}],"author":[{"embeddable":true,"href":"https:\/\/dfkd.de\/index.php\/wp-json\/wp\/v2\/users\/18"}],"replies":[{"embeddable":true,"href":"https:\/\/dfkd.de\/index.php\/wp-json\/wp\/v2\/comments?post=4927"}],"version-history":[{"count":35,"href":"https:\/\/dfkd.de\/index.php\/wp-json\/wp\/v2\/pages\/4927\/revisions"}],"predecessor-version":[{"id":7878,"href":"https:\/\/dfkd.de\/index.php\/wp-json\/wp\/v2\/pages\/4927\/revisions\/7878"}],"wp:attachment":[{"href":"https:\/\/dfkd.de\/index.php\/wp-json\/wp\/v2\/media?parent=4927"}],"curies":[{"name":"wp","href":"https:\/\/api.w.org\/{rel}","templated":true}]}}