{"id":6,"date":"2014-06-12T13:56:58","date_gmt":"2014-06-12T13:56:58","guid":{"rendered":"http:\/\/darmstadt.dfkd.de\/?page_id=6"},"modified":"2025-05-06T19:06:00","modified_gmt":"2025-05-06T18:06:00","slug":"home","status":"publish","type":"page","link":"https:\/\/dfkd.de\/index.php\/home","title":{"rendered":"\u00dcber uns"},"content":{"rendered":"<h2><img loading=\"lazy\" decoding=\"async\" class=\"imagefloatright alignright wp-image-23 size-full\" src=\"https:\/\/dfkd.de\/wp-content\/uploads\/2014\/06\/dfkd_logo_mit-dfkd1.png\" alt=\"dfkd_logo_mit-dfkd\" width=\"187\" height=\"401\">Wer sind wir?<\/h2>\n<p>Liebe Freunde,<\/p>\n<p>Unser Ziel ist es, die deutsch-franz\u00f6sischen Beziehungen zu f\u00f6rdern und franz\u00f6sische Kultur in verschiedenen Bereichen im Raum Darmstadt f\u00fcr alle erlebbar zu machen.<\/p>\n<p>Zu unseren Aktivit\u00e4ten geh\u00f6ren:<\/p>\n<ul>\n<li>kulturelle Aktivit\u00e4ten wie Vortr\u00e4ge, literarische Abende, Konzerte, Ausstellungsbesuche, Kulturreisen etc.<\/li>\n<li>gesellige Aktivit\u00e4ten, um sich auszutauschen, gemeinsam zu teilen, wie Discoabende, Weinproben, gemeinsame Mahlzeiten, Spieletreffen etc.&nbsp;H\u00f6hepunkt ist jedes Jahr im Juni unsere F\u00eate de la Musique de l&#8217;Europe auf der Mathildenh\u00f6he in Darmstadt.<\/li>\n<li>unsere Kindergruppen &#8222;Vive les Gamins&#8220;, die uns besonders am Herzen liegt und bei der sich franz\u00f6sischsprachige Kinder jeden Mittwochnachmittag treffen und auf spielerische Weise die franz\u00f6sische Sprache \u00fcben und lernen k\u00f6nnen.<\/li>\n<li>regelm\u00e4\u00dfige Treffen f\u00fcr eine bestimmte Aktivit\u00e4t, sei es unser Chor &#8222;Accords&#8220;, sei es unsere franz\u00f6sischsprachige Literaturgruppe &#8222;Rencontre autour d&#8216; un livre&#8220;.<\/li>\n<\/ul>\n<p>Alle franz\u00f6sischsprachigen Personen und Interessierte sind herzlich zur Teilnahme eingeladen. Die Veranstaltungen finden teils in deutscher, teils in franz\u00f6ischer Sprache statt.<\/p>\n<p>Der DFKD plant und organisiert die oben genannten Veranstaltungen unabh\u00e4ngig und rein ehrenamtlich, h\u00e4lt jedoch engen Kontakt zu deutschen und franz\u00f6sischen Kulturinstitutionen.<\/p>\n<p>Der Vorstand des DFKD<\/p>\n<h4>*****************<\/h4>\n<h4>1. Vorsitzender: Klaus Liepach<\/h4>\n<p><a href=\"https:\/\/dfkd.de\/wp-content\/uploads\/2025\/05\/Klaus.jpeg\"><img loading=\"lazy\" decoding=\"async\" class=\"wp-image-7284 alignleft\" src=\"https:\/\/dfkd.de\/wp-content\/uploads\/2025\/05\/Klaus-233x300.jpeg\" alt=\"\" width=\"100\" height=\"129\" srcset=\"https:\/\/dfkd.de\/wp-content\/uploads\/2025\/05\/Klaus-233x300.jpeg 233w, https:\/\/dfkd.de\/wp-content\/uploads\/2025\/05\/Klaus.jpeg 249w\" sizes=\"auto, (max-width: 100px) 100vw, 100px\" \/><\/a>Meine erste Begegnung mit Frankreich hatte ich hatte ich im Alter von 16 Jahren im Rahmen einer Jugendfreizeit in Toul\/Lothringen. Auf einem Soldatenfriedhof reinigten wir Grabsteine und malten die Namen von Gefallenen nach, die die dort in schier endlosen Reihen lagen und kaum \u00e4lter waren als ich damals. Das hat mich tief beeindruckt und nachdenklich gemacht.<br \/>\nHeute bin ich mit einer Franz\u00f6sin verheiratet. Ich genie\u00dfe den Kontakt mit der franz\u00f6sischen Kultur sehr und empfinde die Unterschiede als sehr bereichernd. Der DFKD bietet hervorragende M\u00f6glichkeiten, den Austausch mit der franz\u00f6sischen Kultur in Darmstadt zu erleben. Die Kindergruppen von Vive Les Gamins erlauben es, die franz\u00f6sische Kultur schon von klein auf aufzusaugen und die zweite Muttersprache mit Gleichaltrigen zu praktizieren, was wir mit unseren Kindern gerne genutzt haben.<\/p>\n<p><a href=\"mailto:president@dfkd.de\">president@dfkd.de<\/a><\/p>\n<h4>*****************<\/h4>\n<h4>2. Vorsitzender: Bernhard L. von Weyhe<\/h4>\n<p><a href=\"https:\/\/darmstadt.dfkd.de\/portrait-bvw-head-sd-2018-j-mai\"><img loading=\"lazy\" decoding=\"async\" class=\"wp-image-2580 alignleft\" src=\"https:\/\/darmstadt.dfkd.de\/wp-content\/uploads\/2020\/06\/portrait-bvw-head-SD-2018-j-mai-218x300.jpg\" alt=\"\" width=\"100\" height=\"138\" srcset=\"https:\/\/dfkd.de\/wp-content\/uploads\/2020\/06\/portrait-bvw-head-SD-2018-j-mai-218x300.jpg 218w, https:\/\/dfkd.de\/wp-content\/uploads\/2020\/06\/portrait-bvw-head-SD-2018-j-mai.jpg 293w\" sizes=\"auto, (max-width: 100px) 100vw, 100px\" \/><\/a>Im Saarland geboren, nahe der deutsch-franz\u00f6sischen Grenze, bin ich schon immer in einer frankophilen Umgebung aufgewachsen. Studium und erste Arbeitsstationen haben mich u.a. nach Strasbourg und Paris gebracht. Heute arbeite ich in einer europ\u00e4ischen Forschungsorganisation in Darmstadt mit t\u00e4glichem Kontakt nach Frankreich. Seit 15 Jahren bin ich Mitglied im DFKD und versuche durch gelegentliche Veranstaltungen &amp; PR-Arbeit zum deutsch-franz\u00f6sischem Dialog in der Region beizutragen.<\/p>\n<p><a href=\"mailto:vicepresident@dfkd.de\">vicepresident@dfkd.de<\/a><\/p>\n<h4>*****************<\/h4>\n<h3>&#8222;Vive Les Gamins&#8220; (f\u00fcr Kinder): Emilie Heimburger<\/h3>\n<p><a href=\"mailto:vivelesgamins@dfkd.de\">vivelesgamins@dfkd.de<\/a><\/p>\n<h4>*****************<\/h4>\n<h3>Kulturverantwortliche: Charlotte de Gezelle, Hiba Grasser<\/h3>\n<p><a href=\"mailto:culture@dfkd.de\">culture@dfkd.de<\/a><\/p>\n<h4>*****************<\/h4>\n<h3>Events &amp; Schriftf\u00fchrung: Odile Gambier et Nad\u00e8ge Rigual<\/h3>\n<p><a href=\"mailto:secretaire@dfkd.de\">secretaire@dfkd.de<\/a><\/p>\n<h4>*****************<\/h4>\n<h3>Schatzmeisterin: Anne-Sophie Donitza<\/h3>\n<p><a href=\"mailto:tresorier@dfkd.de\">tresorier@dfkd.de<\/a><\/p>\n<h4>*****************<\/h4>\n<h3>Social Media: Marielle Chevalier<!--more--><\/h3>\n<p><a href=\"mailto:communication@dfkd.de\">communication@dfkd.de<\/a><\/p>\n<h4>*****************<\/h4>\n<h3>Sponsoring: Solange Bour-Fuchsbauer<\/h3>\n<p>Ich nehme seit vielen Jahren an den Aktivit\u00e4ten unseres Vereins. F\u00fcr mich tragen die kulturellen und sozialen Begegnungen, die der DFKD bietet, dazu bei, mein Zugeh\u00f6rigkeitsgef\u00fchl zu Europa zu st\u00e4rken, das mehr denn je von \u00fcberzeugten Menschen getragen werden muss. Vor zwei Jahren entschied ich mich, mich aktiv im Vorstand des Vereins zu engagieren. Ich habe mich bereit erkl\u00e4rt, die Beziehungen zu unseren Sponsoren zu pflegen und idealerweise neue Sponsoren zu finden.<\/p>\n<p><a href=\"mailto:sponsoring@dfkd.de\">sponsoring@dfkd.de<\/a><\/p>\n<h4>*****************<\/h4>\n<h3>Kontakt<\/h3>\n<p>Deutsch-Franz\u00f6sischer Kreis Darmstadt e.V.<br \/>\nPostfach 10 05 07<br \/>\n64205 Darmstadt<br \/>\nTelefon: 06 151 \/ 627 49 70<br \/>\nE-Mail: <a href=\"mailto:info@dfkd.de\" target=\"_blank\" rel=\"noopener noreferrer\">info@dfkd.de<\/a><\/p>\n","protected":false},"excerpt":{"rendered":"<p>Wer sind wir? Liebe Freunde, Unser Ziel ist es, die deutsch-franz\u00f6sischen Beziehungen zu f\u00f6rdern und franz\u00f6sische Kultur in verschiedenen Bereichen im Raum Darmstadt f\u00fcr alle erlebbar zu machen. Zu unseren <a class=\"more-link\" href=\"https:\/\/dfkd.de\/index.php\/home\">Continue Reading \u2192<\/a><\/p>\n","protected":false},"author":18,"featured_media":0,"parent":0,"menu_order":0,"comment_status":"closed","ping_status":"closed","template":"","meta":{"ngg_post_thumbnail":0,"footnotes":""},"class_list":["post-6","page","type-page","status-publish","hentry"],"_links":{"self":[{"href":"https:\/\/dfkd.de\/index.php\/wp-json\/wp\/v2\/pages\/6","targetHints":{"allow":["GET"]}}],"collection":[{"href":"https:\/\/dfkd.de\/index.php\/wp-json\/wp\/v2\/pages"}],"about":[{"href":"https:\/\/dfkd.de\/index.php\/wp-json\/wp\/v2\/types\/page"}],"author":[{"embeddable":true,"href":"https:\/\/dfkd.de\/index.php\/wp-json\/wp\/v2\/users\/18"}],"replies":[{"embeddable":true,"href":"https:\/\/dfkd.de\/index.php\/wp-json\/wp\/v2\/comments?post=6"}],"version-history":[{"count":61,"href":"https:\/\/dfkd.de\/index.php\/wp-json\/wp\/v2\/pages\/6\/revisions"}],"predecessor-version":[{"id":7303,"href":"https:\/\/dfkd.de\/index.php\/wp-json\/wp\/v2\/pages\/6\/revisions\/7303"}],"wp:attachment":[{"href":"https:\/\/dfkd.de\/index.php\/wp-json\/wp\/v2\/media?parent=6"}],"curies":[{"name":"wp","href":"https:\/\/api.w.org\/{rel}","templated":true}]}}