{"id":72,"date":"2014-06-12T18:12:42","date_gmt":"2014-06-12T16:12:42","guid":{"rendered":"http:\/\/darmstadt.dfkd.de\/?page_id=72"},"modified":"2019-12-16T08:30:08","modified_gmt":"2019-12-16T07:30:08","slug":"links","status":"publish","type":"page","link":"https:\/\/dfkd.de\/index.php\/links","title":{"rendered":"Links"},"content":{"rendered":"<h2><a href=\"http:\/\/www.praxis-delfs.eu\/\">Des Mots pour des maux<\/a><\/h2>\n<p>Je suis th\u00e9rapeute en psychologie syst\u00e9mique, gestionnaire de conflits et coach.<br \/>\nJ\u00b4accompagne vers un \u00e9quilibre personnel et relationnel, par une approche centr\u00e9e sur la personne, la psychologie syst\u00e9mique, mais aussi gr\u00e2ce aux th\u00e9rapies cognitives et comportementales, ainsi qu&#8217;au coaching de vie.<br \/>\nDe ces approches humanistes d\u00e9coulent une psychologie plus humaine qui n\u00b4est plus orient\u00e9e sur les probl\u00e8mes mais sur la personne, ses besoins, ses ressources et ses capacit\u00e9s.<\/p>\n<p>A probl\u00e8mes humains, solutions humaines.<\/p>\n<h4>Appelez-moi sans plus tarder<\/h4>\n<p>Sophie Delfs<br \/>\nPsychologie Syst\u00e9mique &amp; coaching<br \/>\nHeinrich-Herz-Strasse 6, 2. OG<br \/>\n64295 Darmstadt<br \/>\n06151\/1592211 (r\u00e9pondeur)<br \/>\n<a href=\"mailto:Praxis.delfs@web.de\">Praxis.delfs@web.de<\/a><br \/>\n<a href=\"http:\/\/www.praxis-delfs.eu\">http:\/\/www.praxis-delfs.eu<\/a><\/p>\n<h2><a href=\"http:\/\/www.sisterschola.de\/\">Sister Schola<\/a><\/h2>\n<p>Ich habe im Jahr 2000 meine Ausbildung als Kinderkrankenschwester bei der Kinder-Klinik Prinzessin Margeret in Darmstadt erfolgreich abgeschlossen. Gerne arbeite ich mit und unter Menschen, und somit schenke ich gerne vielen Menschen eine Wohlbefinden des K\u00f6rpers, eine profesionelle Pflegequalit\u00e4t und eine geschmeidige intakte, und gesunde Haut durch die Massage (Knetung, Dehnung und Lockerung der Muskulatur). Ich unterst\u00fctze die Instandhaltung der gesunden F\u00fc\u00dfe durch medizinische Fusspflege.<\/p>\n<p>&#8222;Professionelle Pflegequalit\u00e4t von Kopf bis Fu\u00df&#8220;<br \/>\nMeine Massagen und Behandlungen gebe ich im Ganzheitlichen Zentrum Landwehrstrasse 31 in 64293 Darmstadt<br \/>\nDort arbeite ich mit vielen Kollegen aus dem gesundheitlichen Bereich z.B. Yoga, Meditation, Ohrkerzen,<br \/>\nReiki, Synergetische Innenweltreise, Schamanische Reise u.v.m<br \/>\nIch freue mich in so einer professionellen Umgebung zu arbeiten und Ihnen eine angenehme Atmosph\u00e4re<br \/>\nbieten zu k\u00f6nnen.<br \/>\nMein Team und ich sprechen deutsch, franz\u00f6sisch und englisch.<\/p>\n<p><a href=\"http:\/\/www.alpha-apotheke-darmstadt.de\/\">Alpha Apotheke Darmstadt<\/a><\/p>\n<p>Wir werden finanziell vom Deutsch-Franz\u00f6sischen Jugendwerk (DFJW\/OFAJ) unterst\u00fczt: <a href=\"http:\/\/www.ofaj.org\">www.ofaj.org<\/a><\/p>\n<p>Le consulat g\u00e9n\u00e9ral de France \u00e0 Francfort: <a href=\"http:\/\/www.ambafrance-de.org\/-Francfort-\">www.ambafrance-de.org\/-Francfort<\/a><\/p>\n<p>L&#8217;Institut fran\u00e7ais d&#8217;Allemagne; <a href=\"https:\/\/www.institutfrancais.de\/\">www.institutfrancais.de<\/a><\/p>\n<p>Le journal en ligne des Fran\u00e7ais, francophones et francophiles de toutes nationalit\u00e9s de Francfort et sa r\u00e9gion: <a href=\"http:\/\/www.lepetitjournal.com\/francfort\">www.lepetitjournal.com\/francfort<\/a><\/p>\n<p>Ath\u00e9na : offres d&#8217;emploi pour francophones: <a href=\"http:\/\/www.athenajob.de\/index.php\">www.athenajob.de\/index.php<\/a><\/p>\n<p>Connexion-emploi &#8211; offres d&#8217;emploi pour francophones: <a href=\"http:\/\/www.connexion-emploi.com\/\">www.connexion-emploi.com\/<\/a><\/p>\n<p>Le lyc\u00e9e fran\u00e7ais de Francfort: <a href=\"http:\/\/www.lfvh.net\">www.lfvh.net\/<\/a><\/p>\n<p>Vivre Bilingue : association pour promouvoir l&#8217;apprentissage du fran\u00e7ais aupr\u00e8s des enfants et des adolescents sur Francfort et sa r\u00e9gion: <a href=\"http:\/\/www.vivre-bilingue.de\/\">www.vivre-bilingue.de\/<\/a><\/p>\n<p>Pour \u00e9changer ou vendre des livres d&#8217;occasion (scolaire ou autre) en fran\u00e7ais, anglais, allemand ou italien et publier ses petites annonces: <a href=\"http:\/\/books-livres-libri-buecher.fr.gd\/\">http:\/\/books-livres-libri-buecher.fr.gd\/<\/a><\/p>\n<p>Le th\u00e9\u00e2tre international de Francfort: <a href=\"http:\/\/www.internationales-theater.de\/th_fran.htm\">www.internationales-theater.de\/th_fran.htm<\/a><\/p>\n<p>Nachbarschaftsheim Darmstadt e.V., der Bessunger Treffpunkt f\u00fcr Jung und Alt: <a href=\"http:\/\/www.nbh-darmstadt.de\/\">www.nbh-darmstadt.de<\/a><\/p>\n<p>Deutsch-franz\u00f6sische Radiosendung &#8222;<a href=\"http:\/\/www.radiodarmstadt.de\/redaktionen-sendungen\/internationaleredaktion\/aller-retour.html\" target=\"_blank\" rel=\"noopener noreferrer\">Aller-Retour<\/a>&#8220; bei Radio Darmstadt, moderiert von Anne-Marie Andrieux et Alexandre Duchenne. Immer am zweiten Samstag im Monat von 19 bis 21 Uhr (103.4 MHz).<\/p>\n","protected":false},"excerpt":{"rendered":"<p>Des Mots pour des maux Je suis th\u00e9rapeute en psychologie syst\u00e9mique, gestionnaire de conflits et coach. J\u00b4accompagne vers un \u00e9quilibre personnel et relationnel, par une approche centr\u00e9e sur la personne, <a class=\"more-link\" href=\"https:\/\/dfkd.de\/index.php\/links\">Continue Reading \u2192<\/a><\/p>\n","protected":false},"author":18,"featured_media":0,"parent":0,"menu_order":0,"comment_status":"closed","ping_status":"closed","template":"","meta":{"ngg_post_thumbnail":0,"footnotes":""},"class_list":["post-72","page","type-page","status-publish","hentry"],"_links":{"self":[{"href":"https:\/\/dfkd.de\/index.php\/wp-json\/wp\/v2\/pages\/72","targetHints":{"allow":["GET"]}}],"collection":[{"href":"https:\/\/dfkd.de\/index.php\/wp-json\/wp\/v2\/pages"}],"about":[{"href":"https:\/\/dfkd.de\/index.php\/wp-json\/wp\/v2\/types\/page"}],"author":[{"embeddable":true,"href":"https:\/\/dfkd.de\/index.php\/wp-json\/wp\/v2\/users\/18"}],"replies":[{"embeddable":true,"href":"https:\/\/dfkd.de\/index.php\/wp-json\/wp\/v2\/comments?post=72"}],"version-history":[{"count":8,"href":"https:\/\/dfkd.de\/index.php\/wp-json\/wp\/v2\/pages\/72\/revisions"}],"predecessor-version":[{"id":3713,"href":"https:\/\/dfkd.de\/index.php\/wp-json\/wp\/v2\/pages\/72\/revisions\/3713"}],"wp:attachment":[{"href":"https:\/\/dfkd.de\/index.php\/wp-json\/wp\/v2\/media?parent=72"}],"curies":[{"name":"wp","href":"https:\/\/api.w.org\/{rel}","templated":true}]}}