{"id":7711,"date":"2025-10-31T22:01:50","date_gmt":"2025-10-31T21:01:50","guid":{"rendered":"https:\/\/dfkd.de\/?page_id=7711"},"modified":"2026-02-12T18:47:10","modified_gmt":"2026-02-12T17:47:10","slug":"inscription-2","status":"publish","type":"page","link":"https:\/\/dfkd.de\/index.php\/fr\/inscription-2","title":{"rendered":"Inscription"},"content":{"rendered":"<div class='fluentform ff-default fluentform_wrapper_25  ff_guten_block ff_guten_block-25 ffs_default_wrap'><form data-form_id=\"25\" id=\"fluentform_25\" class=\"frm-fluent-form fluent_form_25 ff-el-form-top ff_form_instance_25_1 ff-form-loading ffs_default\" data-form_instance=\"ff_form_instance_25_1\" method=\"POST\" ><fieldset  style=\"border: none!important;margin: 0!important;padding: 0!important;background-color: transparent!important;box-shadow: none!important;outline: none!important; min-inline-size: 100%;\">\n                    <legend class=\"ff_screen_reader_title\" style=\"display: block; margin: 0!important;padding: 0!important;height: 0!important;text-indent: -999999px;width: 0!important;overflow:hidden;\">Inscription vin pr\u00e9fer\u00e9 (#25)<\/legend><input type='hidden' name='__fluent_form_embded_post_id' value='7711' \/><input type=\"hidden\" id=\"_fluentform_25_fluentformnonce\" name=\"_fluentform_25_fluentformnonce\" value=\"64fdb75d57\" \/><input type=\"hidden\" name=\"_wp_http_referer\" value=\"\/index.php\/wp-json\/wp\/v2\/pages\/7711\" \/><div class='ff-el-group  ff-custom_html' tabindex='-1' data-name=\"custom_html-25_1\" ><p>&nbsp;<\/p>\n<h1 style=\"text-align: center\"><b>D\u00e9gustation des vins pr\u00e9f\u00e9r\u00e9s <\/b><\/h1>\n<p>&nbsp;<\/p>\n<p style=\"text-align: center\">le 07.03.26 \u00e0 partir de 19h30 au Forstmeisterhaus<\/p>\n<p>&nbsp;<\/p>\n<p><img loading=\"lazy\" decoding=\"async\" class=\"aligncenter\" src=\"https:\/\/dfkd.de\/wp-content\/uploads\/2026\/02\/degustation-vin-prefere.png\" alt=\"Alternativer Text\" width=\"400\" height=\"400\" \/><\/p>\n<p>Avec une bouteille de vin et Finger Food ( quiche, cakes, Dips, fromage, &#8230;) &#8211; gratuit<\/p>\n<p>Les mains vides<strong> : <\/strong>membres 15 \u20ac \/ pers., non-membres 25 \u20ac \/ pers.<\/p>\n<p>&nbsp;<\/p><\/div><div data-type=\"name-element\" data-name=\"names\" class=\" ff-field_container ff-name-field-wrapper\" ><div class='ff-t-container'><div class='ff-t-cell '><div class='ff-el-group'><div class=\"ff-el-input--label ff-el-is-required asterisk-right\"><label for='ff_25_names_first_name_' id='label_ff_25_names_first_name_' >pr\u00e9nom<\/label><\/div><div class='ff-el-input--content'><input type=\"text\" name=\"names[first_name]\" id=\"ff_25_names_first_name_\" class=\"ff-el-form-control\" placeholder=\"pr\u00e9nom\" aria-invalid=\"false\" aria-required=true><\/div><\/div><\/div><div class='ff-t-cell '><div class='ff-el-group'><div class=\"ff-el-input--label ff-el-is-required asterisk-right\"><label for='ff_25_names_last_name_' id='label_ff_25_names_last_name_' >nom de famille<\/label><\/div><div class='ff-el-input--content'><input type=\"text\" name=\"names[last_name]\" id=\"ff_25_names_last_name_\" class=\"ff-el-form-control\" placeholder=\"nom de famille\" aria-invalid=\"false\" aria-required=true><\/div><\/div><\/div><\/div><\/div><div class='ff-el-group'><div class=\"ff-el-input--label ff-el-is-required asterisk-right\"><label for='ff_25_email' id='label_ff_25_email' aria-label=\"Email\">Email<\/label><\/div><div class='ff-el-input--content'><input type=\"email\" name=\"email\" id=\"ff_25_email\" class=\"ff-el-form-control\" placeholder=\"Addresse email\" data-name=\"email\"  aria-invalid=\"false\" aria-required=true><\/div><\/div><div class='ff-el-group  ff-custom_html' tabindex='-1' data-name=\"custom_html-25_2\" ><p>autres participants<\/p><\/div><div data-type=\"name-element\" data-name=\"names_2\" class=\" ff-field_container ff-name-field-wrapper\" ><div class='ff-t-container'><div class='ff-t-cell '><div class='ff-el-group ff-el-form-top'><div class=\"ff-el-input--label asterisk-right\"><label for='ff_25_names_2_first_name_' id='label_ff_25_names_2_first_name_' >pr\u00e9nom<\/label><\/div><div class='ff-el-input--content'><input type=\"text\" name=\"names_2[first_name]\" id=\"ff_25_names_2_first_name_\" class=\"ff-el-form-control\" placeholder=\"pr\u00e9nom\" aria-invalid=\"false\" aria-required=false><\/div><\/div><\/div><div class='ff-t-cell '><div class='ff-el-group ff-el-form-top'><div class=\"ff-el-input--label asterisk-right\"><label for='ff_25_names_2_last_name_' id='label_ff_25_names_2_last_name_' >nom de famille<\/label><\/div><div class='ff-el-input--content'><input type=\"text\" name=\"names_2[last_name]\" id=\"ff_25_names_2_last_name_\" class=\"ff-el-form-control\" placeholder=\"nom de famille\" aria-invalid=\"false\" aria-required=false><\/div><\/div><\/div><\/div><\/div><div class='ff-el-group'><div class=\"ff-el-input--label ff-el-is-required asterisk-right\"><label for='ff_25_input_text' id='label_ff_25_input_text' aria-label=\"j&#039;apporte pour la soir\u00e9e :\">j&#8217;apporte pour la soir\u00e9e :<\/label><\/div><div class='ff-el-input--content'><input type=\"text\" name=\"input_text\" class=\"ff-el-form-control\" data-name=\"input_text\" id=\"ff_25_input_text\"  aria-invalid=\"false\" aria-required=true><\/div><\/div><div class='ff-el-group ff-text-center ff_submit_btn_wrapper'><button type=\"submit\" class=\"ff-btn ff-btn-submit ff-btn-md ff_btn_style wpf_has_custom_css\"  aria-label=\"s&#039;inscrire\">s&#8217;inscrire<\/button><\/div><\/fieldset><\/form><div id='fluentform_25_errors' class='ff-errors-in-stack ff_form_instance_25_1 ff-form-loading_errors ff_form_instance_25_1_errors'><\/div><\/div>            <script type=\"text\/javascript\">\n                window.fluent_form_ff_form_instance_25_1 = {\"id\":\"25\",\"settings\":{\"layout\":{\"labelPlacement\":\"top\",\"helpMessagePlacement\":\"with_label\",\"errorMessagePlacement\":\"inline\",\"cssClassName\":\"\",\"asteriskPlacement\":\"asterisk-right\"},\"restrictions\":{\"denyEmptySubmission\":{\"enabled\":false}}},\"form_instance\":\"ff_form_instance_25_1\",\"form_id_selector\":\"fluentform_25\",\"rules\":{\"names[first_name]\":{\"required\":{\"value\":true,\"message\":\"Dieses Feld ist erforderlich\",\"global\":true,\"global_message\":\"Dieses Feld ist erforderlich\"}},\"names[middle_name]\":{\"required\":{\"value\":false,\"message\":\"Dieses Feld ist erforderlich\",\"global\":true,\"global_message\":\"Dieses Feld ist erforderlich\"}},\"names[last_name]\":{\"required\":{\"value\":true,\"message\":\"Dieses Feld ist erforderlich\",\"global\":true,\"global_message\":\"Dieses Feld ist erforderlich\"}},\"email\":{\"required\":{\"value\":true,\"message\":\"Dieses Feld ist erforderlich\",\"global\":true,\"global_message\":\"Dieses Feld ist erforderlich\"},\"email\":{\"value\":true,\"message\":\"Dieses Feld muss eine g\\u00fcltige E-Mail-Adresse enthalten\",\"global\":true,\"global_message\":\"Dieses Feld muss eine g\\u00fcltige E-Mail-Adresse enthalten\"}},\"names_2[first_name]\":{\"required\":{\"value\":false,\"message\":\"Dieses Feld ist erforderlich\",\"global_message\":\"Dieses Feld ist erforderlich\",\"global\":true}},\"names_2[middle_name]\":{\"required\":{\"value\":false,\"message\":\"Dieses Feld ist erforderlich\",\"global_message\":\"Dieses Feld ist erforderlich\",\"global\":true}},\"names_2[last_name]\":{\"required\":{\"value\":false,\"message\":\"Dieses Feld ist erforderlich\",\"global_message\":\"Dieses Feld ist erforderlich\",\"global\":true}},\"input_text\":{\"required\":{\"value\":true,\"message\":\"Dieses Feld ist erforderlich\",\"global_message\":\"Dieses Feld ist erforderlich\",\"global\":true}}},\"debounce_time\":300,\"conditionals\":{\"names\":{\"type\":\"any\",\"status\":true,\"conditions\":[{\"field\":\"\",\"value\":\"\",\"operator\":\"\"}],\"condition_groups\":[{\"rules\":[{\"field\":\"\",\"value\":\"\",\"operator\":\"\"}],\"title\":\"\",\"isEditingTitle\":false,\"isPreviewOpen\":false,\"isGroupOpen\":true}]}}};\n                            <\/script>\n            ","protected":false},"excerpt":{"rendered":"","protected":false},"author":18,"featured_media":0,"parent":0,"menu_order":0,"comment_status":"closed","ping_status":"closed","template":"","meta":{"ngg_post_thumbnail":0,"footnotes":""},"class_list":["post-7711","page","type-page","status-publish","hentry"],"_links":{"self":[{"href":"https:\/\/dfkd.de\/index.php\/wp-json\/wp\/v2\/pages\/7711","targetHints":{"allow":["GET"]}}],"collection":[{"href":"https:\/\/dfkd.de\/index.php\/wp-json\/wp\/v2\/pages"}],"about":[{"href":"https:\/\/dfkd.de\/index.php\/wp-json\/wp\/v2\/types\/page"}],"author":[{"embeddable":true,"href":"https:\/\/dfkd.de\/index.php\/wp-json\/wp\/v2\/users\/18"}],"replies":[{"embeddable":true,"href":"https:\/\/dfkd.de\/index.php\/wp-json\/wp\/v2\/comments?post=7711"}],"version-history":[{"count":4,"href":"https:\/\/dfkd.de\/index.php\/wp-json\/wp\/v2\/pages\/7711\/revisions"}],"predecessor-version":[{"id":8057,"href":"https:\/\/dfkd.de\/index.php\/wp-json\/wp\/v2\/pages\/7711\/revisions\/8057"}],"wp:attachment":[{"href":"https:\/\/dfkd.de\/index.php\/wp-json\/wp\/v2\/media?parent=7711"}],"curies":[{"name":"wp","href":"https:\/\/api.w.org\/{rel}","templated":true}]}}