{"id":7719,"date":"2025-11-05T19:55:37","date_gmt":"2025-11-05T18:55:37","guid":{"rendered":"https:\/\/dfkd.de\/?page_id=7719"},"modified":"2026-01-31T13:40:32","modified_gmt":"2026-01-31T12:40:32","slug":"inscription-3","status":"publish","type":"page","link":"https:\/\/dfkd.de\/index.php\/fr\/inscription-3","title":{"rendered":"Inscription"},"content":{"rendered":"<div class='fluentform ff-default fluentform_wrapper_24  ff_guten_block ff_guten_block-24 ffs_default_wrap'><form data-form_id=\"24\" id=\"fluentform_24\" class=\"frm-fluent-form fluent_form_24 ff-el-form-top ff_form_instance_24_1 ff-form-loading ffs_default\" data-form_instance=\"ff_form_instance_24_1\" method=\"POST\" ><fieldset  style=\"border: none!important;margin: 0!important;padding: 0!important;background-color: transparent!important;box-shadow: none!important;outline: none!important; min-inline-size: 100%;\">\n                    <legend class=\"ff_screen_reader_title\" style=\"display: block; margin: 0!important;padding: 0!important;height: 0!important;text-indent: -999999px;width: 0!important;overflow:hidden;\">Inscription Pell\u00e9as et M\u00e9lisande (#24)<\/legend><input type='hidden' name='__fluent_form_embded_post_id' value='7719' \/><input type=\"hidden\" id=\"_fluentform_24_fluentformnonce\" name=\"_fluentform_24_fluentformnonce\" value=\"9d7ada4562\" \/><input type=\"hidden\" name=\"_wp_http_referer\" value=\"\/index.php\/wp-json\/wp\/v2\/pages\/7719\" \/><div class='ff-el-group  ff-custom_html' tabindex='-1' data-name=\"custom_html-24_1\" ><p>&nbsp;<\/p>\n<h2 style=\"text-align: center\">Sortie au th\u00e9\u00e2tre<\/h2>\n<h2 class=\"wp-block-heading\" style=\"text-align: center\"><strong>Pell\u00e9as et M\u00e9lisande<\/strong><\/h2>\n<p>&nbsp;<\/p>\n<p style=\"text-align: center\"><strong>Staatstheater Darmstadt le 19\/03\/26 19h00<\/strong><\/p>\n<p><strong>Tarifs :<\/strong> 20 \u20ac \/ 27 \u20ac* (*non-membres)<\/p>\n<p>Avec introduction en fran\u00e7ais. Places limit\u00e9es. Priorit\u00e9 aux membres.<\/p>\n<p><strong>Inscription jusqu&#8217;au 21 f\u00e9vrier 2026<\/strong>. Les frais de participation ne seront d\u00fbs qu&#8217;apr\u00e8s confirmation.<\/p>\n<p>&nbsp;<\/p>\n<p><img loading=\"lazy\" decoding=\"async\" class=\"aligncenter\" src=\"https:\/\/dfkd.de\/wp-content\/uploads\/2026\/01\/Pelleas-et-Melisandre.png\" alt=\"Alternativer Text\" width=\"424\" height=\"600\" \/><\/p><\/div><div data-type=\"name-element\" data-name=\"names\" class=\" ff-field_container ff-name-field-wrapper\" ><div class='ff-t-container'><div class='ff-t-cell '><div class='ff-el-group'><div class=\"ff-el-input--label ff-el-is-required asterisk-right\"><label for='ff_24_names_first_name_' id='label_ff_24_names_first_name_' >pr\u00e9nom<\/label><\/div><div class='ff-el-input--content'><input type=\"text\" name=\"names[first_name]\" id=\"ff_24_names_first_name_\" class=\"ff-el-form-control\" placeholder=\"pr\u00e9nom\" aria-invalid=\"false\" aria-required=true><\/div><\/div><\/div><div class='ff-t-cell '><div class='ff-el-group'><div class=\"ff-el-input--label ff-el-is-required asterisk-right\"><label for='ff_24_names_last_name_' id='label_ff_24_names_last_name_' >nom de famille<\/label><\/div><div class='ff-el-input--content'><input type=\"text\" name=\"names[last_name]\" id=\"ff_24_names_last_name_\" class=\"ff-el-form-control\" placeholder=\"nom de famille\" aria-invalid=\"false\" aria-required=true><\/div><\/div><\/div><\/div><\/div><div class='ff-el-group'><div class=\"ff-el-input--label ff-el-is-required asterisk-right\"><label for='ff_24_email' id='label_ff_24_email' aria-label=\"Email\">Email<\/label><\/div><div class='ff-el-input--content'><input type=\"email\" name=\"email\" id=\"ff_24_email\" class=\"ff-el-form-control\" placeholder=\"Addresse email\" data-name=\"email\"  aria-invalid=\"false\" aria-required=true><\/div><\/div><div class='ff-el-group  ff-custom_html' tabindex='-1' data-name=\"custom_html-24_2\" ><p>autres participants<\/p><\/div><div data-type=\"name-element\" data-name=\"names_2\" class=\" ff-field_container ff-name-field-wrapper\" ><div class='ff-t-container'><div class='ff-t-cell '><div class='ff-el-group ff-el-form-top'><div class=\"ff-el-input--label asterisk-right\"><label for='ff_24_names_2_first_name_' id='label_ff_24_names_2_first_name_' >pr\u00e9nom<\/label><\/div><div class='ff-el-input--content'><input type=\"text\" name=\"names_2[first_name]\" id=\"ff_24_names_2_first_name_\" class=\"ff-el-form-control\" placeholder=\"pr\u00e9nom\" aria-invalid=\"false\" aria-required=false><\/div><\/div><\/div><div class='ff-t-cell '><div class='ff-el-group ff-el-form-top'><div class=\"ff-el-input--label asterisk-right\"><label for='ff_24_names_2_last_name_' id='label_ff_24_names_2_last_name_' >nom de famille<\/label><\/div><div class='ff-el-input--content'><input type=\"text\" name=\"names_2[last_name]\" id=\"ff_24_names_2_last_name_\" class=\"ff-el-form-control\" placeholder=\"nom de famille\" aria-invalid=\"false\" aria-required=false><\/div><\/div><\/div><\/div><\/div><div data-type=\"name-element\" data-name=\"names_3\" class=\" ff-field_container ff-name-field-wrapper\" ><div class='ff-t-container'><div class='ff-t-cell '><div class='ff-el-group ff-el-form-top'><div class=\"ff-el-input--label asterisk-right\"><label for='ff_24_names_3_first_name_' id='label_ff_24_names_3_first_name_' >pr\u00e9nom<\/label><\/div><div class='ff-el-input--content'><input type=\"text\" name=\"names_3[first_name]\" id=\"ff_24_names_3_first_name_\" class=\"ff-el-form-control\" placeholder=\"pr\u00e9nom\" aria-invalid=\"false\" aria-required=false><\/div><\/div><\/div><div class='ff-t-cell '><div class='ff-el-group ff-el-form-top'><div class=\"ff-el-input--label asterisk-right\"><label for='ff_24_names_3_last_name_' id='label_ff_24_names_3_last_name_' >nom de famille<\/label><\/div><div class='ff-el-input--content'><input type=\"text\" name=\"names_3[last_name]\" id=\"ff_24_names_3_last_name_\" class=\"ff-el-form-control\" placeholder=\"nom de famille\" aria-invalid=\"false\" aria-required=false><\/div><\/div><\/div><\/div><\/div><div data-type=\"name-element\" data-name=\"names_4\" class=\" ff-field_container ff-name-field-wrapper\" ><div class='ff-t-container'><div class='ff-t-cell '><div class='ff-el-group ff-el-form-top'><div class=\"ff-el-input--label asterisk-right\"><label for='ff_24_names_4_first_name_' id='label_ff_24_names_4_first_name_' >pr\u00e9nom<\/label><\/div><div class='ff-el-input--content'><input type=\"text\" name=\"names_4[first_name]\" id=\"ff_24_names_4_first_name_\" class=\"ff-el-form-control\" placeholder=\"pr\u00e9nom\" aria-invalid=\"false\" aria-required=false><\/div><\/div><\/div><div class='ff-t-cell '><div class='ff-el-group ff-el-form-top'><div class=\"ff-el-input--label asterisk-right\"><label for='ff_24_names_4_last_name_' id='label_ff_24_names_4_last_name_' >nom de famille<\/label><\/div><div class='ff-el-input--content'><input type=\"text\" name=\"names_4[last_name]\" id=\"ff_24_names_4_last_name_\" class=\"ff-el-form-control\" placeholder=\"nom de famille\" aria-invalid=\"false\" aria-required=false><\/div><\/div><\/div><\/div><\/div><div class='ff-el-group ff-text-center ff_submit_btn_wrapper'><button type=\"submit\" class=\"ff-btn ff-btn-submit ff-btn-md ff_btn_style wpf_has_custom_css\"  aria-label=\"s&#039;inscrire\">s&#8217;inscrire<\/button><\/div><\/fieldset><\/form><div id='fluentform_24_errors' class='ff-errors-in-stack ff_form_instance_24_1 ff-form-loading_errors ff_form_instance_24_1_errors'><\/div><\/div>            <script type=\"text\/javascript\">\n                window.fluent_form_ff_form_instance_24_1 = {\"id\":\"24\",\"settings\":{\"layout\":{\"labelPlacement\":\"top\",\"helpMessagePlacement\":\"with_label\",\"errorMessagePlacement\":\"inline\",\"cssClassName\":\"\",\"asteriskPlacement\":\"asterisk-right\"},\"restrictions\":{\"denyEmptySubmission\":{\"enabled\":false}}},\"form_instance\":\"ff_form_instance_24_1\",\"form_id_selector\":\"fluentform_24\",\"rules\":{\"names[first_name]\":{\"required\":{\"value\":true,\"message\":\"Dieses Feld ist erforderlich\",\"global\":true,\"global_message\":\"Dieses Feld ist erforderlich\"}},\"names[middle_name]\":{\"required\":{\"value\":false,\"message\":\"Dieses Feld ist erforderlich\",\"global\":true,\"global_message\":\"Dieses Feld ist erforderlich\"}},\"names[last_name]\":{\"required\":{\"value\":true,\"message\":\"Dieses Feld ist erforderlich\",\"global\":true,\"global_message\":\"Dieses Feld ist erforderlich\"}},\"email\":{\"required\":{\"value\":true,\"message\":\"Dieses Feld ist erforderlich\",\"global\":true,\"global_message\":\"Dieses Feld ist erforderlich\"},\"email\":{\"value\":true,\"message\":\"Dieses Feld muss eine g\\u00fcltige E-Mail-Adresse enthalten\",\"global\":true,\"global_message\":\"Dieses Feld muss eine g\\u00fcltige E-Mail-Adresse enthalten\"}},\"names_2[first_name]\":{\"required\":{\"value\":false,\"message\":\"Dieses Feld ist erforderlich\",\"global_message\":\"Dieses Feld ist erforderlich\",\"global\":true}},\"names_2[middle_name]\":{\"required\":{\"value\":false,\"message\":\"Dieses Feld ist erforderlich\",\"global_message\":\"Dieses Feld ist erforderlich\",\"global\":true}},\"names_2[last_name]\":{\"required\":{\"value\":false,\"message\":\"Dieses Feld ist erforderlich\",\"global_message\":\"Dieses Feld ist erforderlich\",\"global\":true}},\"names_3[first_name]\":{\"required\":{\"value\":false,\"message\":\"Dieses Feld ist erforderlich\",\"global_message\":\"Dieses Feld ist erforderlich\",\"global\":true}},\"names_3[middle_name]\":{\"required\":{\"value\":false,\"message\":\"Dieses Feld ist erforderlich\",\"global_message\":\"Dieses Feld ist erforderlich\",\"global\":true}},\"names_3[last_name]\":{\"required\":{\"value\":false,\"message\":\"Dieses Feld ist erforderlich\",\"global_message\":\"Dieses Feld ist erforderlich\",\"global\":true}},\"names_4[first_name]\":{\"required\":{\"value\":false,\"message\":\"Dieses Feld ist erforderlich\",\"global_message\":\"Dieses Feld ist erforderlich\",\"global\":true}},\"names_4[middle_name]\":{\"required\":{\"value\":false,\"message\":\"Dieses Feld ist erforderlich\",\"global_message\":\"Dieses Feld ist erforderlich\",\"global\":true}},\"names_4[last_name]\":{\"required\":{\"value\":false,\"message\":\"Dieses Feld ist erforderlich\",\"global_message\":\"Dieses Feld ist erforderlich\",\"global\":true}}},\"debounce_time\":300,\"conditionals\":{\"names\":{\"type\":\"any\",\"status\":true,\"conditions\":[{\"field\":\"\",\"value\":\"\",\"operator\":\"\"}],\"condition_groups\":[{\"rules\":[{\"field\":\"\",\"value\":\"\",\"operator\":\"\"}],\"title\":\"\",\"isEditingTitle\":false,\"isPreviewOpen\":false,\"isGroupOpen\":true}]}}};\n                            <\/script>\n            ","protected":false},"excerpt":{"rendered":"","protected":false},"author":18,"featured_media":0,"parent":0,"menu_order":0,"comment_status":"closed","ping_status":"closed","template":"","meta":{"ngg_post_thumbnail":0,"footnotes":""},"class_list":["post-7719","page","type-page","status-publish","hentry"],"_links":{"self":[{"href":"https:\/\/dfkd.de\/index.php\/wp-json\/wp\/v2\/pages\/7719","targetHints":{"allow":["GET"]}}],"collection":[{"href":"https:\/\/dfkd.de\/index.php\/wp-json\/wp\/v2\/pages"}],"about":[{"href":"https:\/\/dfkd.de\/index.php\/wp-json\/wp\/v2\/types\/page"}],"author":[{"embeddable":true,"href":"https:\/\/dfkd.de\/index.php\/wp-json\/wp\/v2\/users\/18"}],"replies":[{"embeddable":true,"href":"https:\/\/dfkd.de\/index.php\/wp-json\/wp\/v2\/comments?post=7719"}],"version-history":[{"count":2,"href":"https:\/\/dfkd.de\/index.php\/wp-json\/wp\/v2\/pages\/7719\/revisions"}],"predecessor-version":[{"id":8009,"href":"https:\/\/dfkd.de\/index.php\/wp-json\/wp\/v2\/pages\/7719\/revisions\/8009"}],"wp:attachment":[{"href":"https:\/\/dfkd.de\/index.php\/wp-json\/wp\/v2\/media?parent=7719"}],"curies":[{"name":"wp","href":"https:\/\/api.w.org\/{rel}","templated":true}]}}